{"id":25,"date":"2026-05-14T14:57:21","date_gmt":"2026-05-14T12:57:21","guid":{"rendered":"http:\/\/amaheluxo.fr\/?page_id=25"},"modified":"2026-05-14T15:57:04","modified_gmt":"2026-05-14T13:57:04","slug":"luxoponcture","status":"publish","type":"page","link":"https:\/\/amaheluxo.fr\/index.php\/luxoponcture\/","title":{"rendered":"Luxoponcture"},"content":{"rendered":"\n<p><br><br><br><br><\/p>\n\n\n\n<div class=\"wp-block-media-text has-media-on-the-right is-stacked-on-mobile\" style=\"grid-template-columns:auto 35%\"><div class=\"wp-block-media-text__content\">\n<h2 class=\"wp-block-heading\">Qu\u2019est-ce que la Luxopuncture\u00ae ?<\/h2>\n\n\n\n<p>La Luxopuncture\u00ae est une <strong>technologie r\u00e9flexe par rayonnement infrarouge<\/strong> qui s\u2019inscrit dans la lign\u00e9e des techniques \u00e9nerg\u00e9tiques ancestrales.<\/p>\n\n\n\n<p>Elle est novatrice, non invasive et douce. La stimulation des points r\u00e9flexes avec l\u2019infrarouge a pour objectif de &nbsp;<strong>r\u00e9tablir l\u2019\u00e9quilibre fonctionnel de l\u2019organisme<\/strong> en agissant sur les syst\u00e8mes : hormonal, digestif et lymphatique.<\/p>\n\n\n\n<p>Or, les contrari\u00e9t\u00e9s et le stress de la vie quotidienne peuvent perturber le syst\u00e8me endocrinien et provoquer divers troubles : mal-\u00eatre, tensions, compulsions (fringales, envie de fumer\u2026).<\/p>\n<\/div><figure class=\"wp-block-media-text__media\"><img loading=\"lazy\" decoding=\"async\" width=\"1024\" height=\"895\" src=\"http:\/\/amaheluxo.fr\/wp-content\/uploads\/2026\/05\/luxopuncture-a-montpellier-et-castelnau-le-lez-1024x895.jpg\" alt=\"\" class=\"wp-image-41 size-full\" srcset=\"https:\/\/amaheluxo.fr\/wp-content\/uploads\/2026\/05\/luxopuncture-a-montpellier-et-castelnau-le-lez-1024x895.jpg 1024w, https:\/\/amaheluxo.fr\/wp-content\/uploads\/2026\/05\/luxopuncture-a-montpellier-et-castelnau-le-lez-300x262.jpg 300w, https:\/\/amaheluxo.fr\/wp-content\/uploads\/2026\/05\/luxopuncture-a-montpellier-et-castelnau-le-lez-768x671.jpg 768w, https:\/\/amaheluxo.fr\/wp-content\/uploads\/2026\/05\/luxopuncture-a-montpellier-et-castelnau-le-lez.jpg 1200w\" sizes=\"auto, (max-width: 1024px) 100vw, 1024px\" \/><\/figure><\/div>\n\n\n\n<h2 class=\"wp-block-heading\"><br>Pourquoi avoir recours \u00e0 la Luxopuncture\u00ae ?<\/h2>\n\n\n\n<div class=\"wp-block-group is-content-justification-left is-layout-constrained wp-container-core-group-is-layout-12dd3699 wp-block-group-is-layout-constrained\">\n<figure class=\"wp-block-embed alignleft is-type-video is-provider-youtube wp-block-embed-youtube wp-embed-aspect-16-9 wp-has-aspect-ratio\"><div class=\"wp-block-embed__wrapper\">\n<iframe loading=\"lazy\" title=\"Pr\u00e9sentation de la Luxopuncture\u00ae\" width=\"500\" height=\"281\" src=\"https:\/\/www.youtube.com\/embed\/4zIVDKRybRY?feature=oembed\" frameborder=\"0\" allow=\"accelerometer; autoplay; clipboard-write; encrypted-media; gyroscope; picture-in-picture; web-share\" referrerpolicy=\"strict-origin-when-cross-origin\" allowfullscreen><\/iframe>\n<\/div><\/figure>\n\n\n\n<p><strong>Pour r\u00e9\u00e9quilibrer votre organisme et :<\/strong><\/p>\n\n\n\n<ul class=\"wp-block-list\">\n<li>diminuer les comportements compulsifs envers la nourriture, le tabac, l\u2019alcool\u2026<\/li>\n\n\n\n<li>induire un effet relaxant<\/li>\n\n\n\n<li>am\u00e9liorer le sommeil<\/li>\n\n\n\n<li>diminuer les effets de la m\u00e9nopause<\/li>\n\n\n\n<li>voir sentir plus jeune (peau du visage, jambes l\u00e9g\u00e8res)<\/li>\n<\/ul>\n<\/div>\n\n\n\n<h2 class=\"wp-block-heading\">Et comment ?<\/h2>\n\n\n\n<ul class=\"wp-block-list\">\n<li>Par la stimulation des points r\u00e9flexes. Cette stimulation permet de retrouver bien-\u00eatre et \u00e9quilibre.Gr\u00e2ce \u00e0 une technique douce, indolore, non invasive et sans risque. <\/li>\n\n\n\n<li>Les soins se d\u00e9roulent \u00e0 raison d\u2019une s\u00e9ance de 30 minutes par semaine pendant laquelle une trentaine de points sont stimul\u00e9s.<\/li>\n<\/ul>\n\n\n\n<p><\/p>\n","protected":false},"excerpt":{"rendered":"<p>Qu\u2019est-ce que la Luxopuncture\u00ae ? La Luxopuncture\u00ae est une technologie r\u00e9flexe par rayonnement infrarouge qui s\u2019inscrit dans la lign\u00e9e des [&hellip;]<\/p>\n","protected":false},"author":1,"featured_media":0,"parent":0,"menu_order":0,"comment_status":"closed","ping_status":"closed","template":"","meta":{"site-sidebar-layout":"default","site-content-layout":"","ast-site-content-layout":"default","site-content-style":"default","site-sidebar-style":"default","ast-global-header-display":"","ast-banner-title-visibility":"","ast-main-header-display":"","ast-hfb-above-header-display":"","ast-hfb-below-header-display":"","ast-hfb-mobile-header-display":"","site-post-title":"disabled","ast-breadcrumbs-content":"","ast-featured-img":"","footer-sml-layout":"","ast-disable-related-posts":"","theme-transparent-header-meta":"enabled","adv-header-id-meta":"","stick-header-meta":"","header-above-stick-meta":"","header-main-stick-meta":"","header-below-stick-meta":"","astra-migrate-meta-layouts":"default","ast-page-background-enabled":"default","ast-page-background-meta":{"desktop":{"background-color":"var(--ast-global-color-5)","background-image":"","background-repeat":"repeat","background-position":"center center","background-size":"auto","background-attachment":"scroll","background-type":"","background-media":"","overlay-type":"","overlay-color":"","overlay-opacity":"","overlay-gradient":""},"tablet":{"background-color":"","background-image":"","background-repeat":"repeat","background-position":"center center","background-size":"auto","background-attachment":"scroll","background-type":"","background-media":"","overlay-type":"","overlay-color":"","overlay-opacity":"","overlay-gradient":""},"mobile":{"background-color":"","background-image":"","background-repeat":"repeat","background-position":"center center","background-size":"auto","background-attachment":"scroll","background-type":"","background-media":"","overlay-type":"","overlay-color":"","overlay-opacity":"","overlay-gradient":""}},"ast-content-background-meta":{"desktop":{"background-color":"var(--ast-global-color-4)","background-image":"","background-repeat":"repeat","background-position":"center center","background-size":"auto","background-attachment":"scroll","background-type":"","background-media":"","overlay-type":"","overlay-color":"","overlay-opacity":"","overlay-gradient":""},"tablet":{"background-color":"var(--ast-global-color-4)","background-image":"","background-repeat":"repeat","background-position":"center center","background-size":"auto","background-attachment":"scroll","background-type":"","background-media":"","overlay-type":"","overlay-color":"","overlay-opacity":"","overlay-gradient":""},"mobile":{"background-color":"var(--ast-global-color-4)","background-image":"","background-repeat":"repeat","background-position":"center center","background-size":"auto","background-attachment":"scroll","background-type":"","background-media":"","overlay-type":"","overlay-color":"","overlay-opacity":"","overlay-gradient":""}},"footnotes":""},"class_list":["post-25","page","type-page","status-publish","hentry"],"_links":{"self":[{"href":"https:\/\/amaheluxo.fr\/index.php\/wp-json\/wp\/v2\/pages\/25","targetHints":{"allow":["GET"]}}],"collection":[{"href":"https:\/\/amaheluxo.fr\/index.php\/wp-json\/wp\/v2\/pages"}],"about":[{"href":"https:\/\/amaheluxo.fr\/index.php\/wp-json\/wp\/v2\/types\/page"}],"author":[{"embeddable":true,"href":"https:\/\/amaheluxo.fr\/index.php\/wp-json\/wp\/v2\/users\/1"}],"replies":[{"embeddable":true,"href":"https:\/\/amaheluxo.fr\/index.php\/wp-json\/wp\/v2\/comments?post=25"}],"version-history":[{"count":19,"href":"https:\/\/amaheluxo.fr\/index.php\/wp-json\/wp\/v2\/pages\/25\/revisions"}],"predecessor-version":[{"id":52,"href":"https:\/\/amaheluxo.fr\/index.php\/wp-json\/wp\/v2\/pages\/25\/revisions\/52"}],"wp:attachment":[{"href":"https:\/\/amaheluxo.fr\/index.php\/wp-json\/wp\/v2\/media?parent=25"}],"curies":[{"name":"wp","href":"https:\/\/api.w.org\/{rel}","templated":true}]}}